{"id":507,"date":"2025-04-19T11:09:46","date_gmt":"2025-04-19T11:09:46","guid":{"rendered":"https:\/\/wisdomlead.ca\/?post_type=product&#038;p=507"},"modified":"2025-05-25T05:38:24","modified_gmt":"2025-05-25T05:38:24","slug":"oxygen-electrode","status":"publish","type":"product","link":"https:\/\/wisdomlead.ca\/fr\/produit\/oxygen-electrode\/","title":{"rendered":"\u00c9lectrode \u00e0 oxyg\u00e8ne"},"content":{"rendered":"<p><img fetchpriority=\"high\" decoding=\"async\" class=\"alignnone size-medium wp-image-508\" src=\"http:\/\/wisdomlead.ca\/wp-content\/uploads\/2025\/04\/Dissolved-Oxygen-Electrode-300x205.jpg\" alt=\"\" width=\"300\" height=\"205\" srcset=\"https:\/\/wisdomlead.ca\/wp-content\/uploads\/2025\/04\/Dissolved-Oxygen-Electrode-300x205.jpg 300w, https:\/\/wisdomlead.ca\/wp-content\/uploads\/2025\/04\/Dissolved-Oxygen-Electrode-768x524.jpg 768w, https:\/\/wisdomlead.ca\/wp-content\/uploads\/2025\/04\/Dissolved-Oxygen-Electrode-18x12.jpg 18w, https:\/\/wisdomlead.ca\/wp-content\/uploads\/2025\/04\/Dissolved-Oxygen-Electrode-600x410.jpg 600w, https:\/\/wisdomlead.ca\/wp-content\/uploads\/2025\/04\/Dissolved-Oxygen-Electrode.jpg 800w\" sizes=\"(max-width: 300px) 100vw, 300px\" \/><\/p>","protected":false},"excerpt":{"rendered":"","protected":false},"featured_media":509,"comment_status":"open","ping_status":"closed","template":"","meta":[],"product_brand":[],"product_cat":[19,55],"product_tag":[],"class_list":{"0":"post-507","1":"product","2":"type-product","3":"status-publish","4":"has-post-thumbnail","6":"product_cat-istek","7":"product_cat-electrode-accessory","9":"first","10":"instock","11":"shipping-taxable","12":"product-type-simple"},"_links":{"self":[{"href":"https:\/\/wisdomlead.ca\/fr\/wp-json\/wp\/v2\/product\/507","targetHints":{"allow":["GET"]}}],"collection":[{"href":"https:\/\/wisdomlead.ca\/fr\/wp-json\/wp\/v2\/product"}],"about":[{"href":"https:\/\/wisdomlead.ca\/fr\/wp-json\/wp\/v2\/types\/product"}],"replies":[{"embeddable":true,"href":"https:\/\/wisdomlead.ca\/fr\/wp-json\/wp\/v2\/comments?post=507"}],"wp:featuredmedia":[{"embeddable":true,"href":"https:\/\/wisdomlead.ca\/fr\/wp-json\/wp\/v2\/media\/509"}],"wp:attachment":[{"href":"https:\/\/wisdomlead.ca\/fr\/wp-json\/wp\/v2\/media?parent=507"}],"wp:term":[{"taxonomy":"product_brand","embeddable":true,"href":"https:\/\/wisdomlead.ca\/fr\/wp-json\/wp\/v2\/product_brand?post=507"},{"taxonomy":"product_cat","embeddable":true,"href":"https:\/\/wisdomlead.ca\/fr\/wp-json\/wp\/v2\/product_cat?post=507"},{"taxonomy":"product_tag","embeddable":true,"href":"https:\/\/wisdomlead.ca\/fr\/wp-json\/wp\/v2\/product_tag?post=507"}],"curies":[{"name":"wp","href":"https:\/\/api.w.org\/{rel}","templated":true}]}}