{"id":131,"date":"2025-03-26T13:50:44","date_gmt":"2025-03-26T13:50:44","guid":{"rendered":"http:\/\/wisdomlead.ca\/?page_id=131"},"modified":"2025-06-07T06:56:32","modified_gmt":"2025-06-07T06:56:32","slug":"about-us","status":"publish","type":"page","link":"https:\/\/wisdomlead.ca\/fr\/about-us\/","title":{"rendered":"\u00c0 propos de nous"},"content":{"rendered":"<div data-elementor-type=\"wp-page\" data-elementor-id=\"131\" class=\"elementor elementor-131\" data-elementor-post-type=\"page\">\n\t\t\t\t<div class=\"elementor-element elementor-element-d3cff81 e-con-full e-flex e-con e-parent\" data-id=\"d3cff81\" data-element_type=\"container\" data-e-type=\"container\" data-settings=\"{&quot;background_background&quot;:&quot;classic&quot;}\">\n\t\t\t\t<div class=\"elementor-element elementor-element-e0f6a7f elementor-widget elementor-widget-heading\" data-id=\"e0f6a7f\" data-element_type=\"widget\" data-e-type=\"widget\" data-widget_type=\"heading.default\">\n\t\t\t\t<div class=\"elementor-widget-container\">\n\t\t\t\t\t<h1 class=\"elementor-heading-title elementor-size-default\">\u00c0 propos de nous<\/h1>\t\t\t\t<\/div>\n\t\t\t\t<\/div>\n\t\t\t\t<\/div>\n\t\t<div class=\"elementor-element elementor-element-aba729c e-flex e-con-boxed e-con e-parent\" data-id=\"aba729c\" data-element_type=\"container\" data-e-type=\"container\">\n\t\t\t\t\t<div class=\"e-con-inner\">\n\t\t<div class=\"elementor-element elementor-element-81d2339 e-con-full e-flex e-con e-child\" data-id=\"81d2339\" data-element_type=\"container\" data-e-type=\"container\">\n\t\t\t\t<div class=\"elementor-element elementor-element-5db77d5 elementor-widget elementor-widget-image\" data-id=\"5db77d5\" data-element_type=\"widget\" data-e-type=\"widget\" data-widget_type=\"image.default\">\n\t\t\t\t<div class=\"elementor-widget-container\">\n\t\t\t\t\t\t\t\t\t\t\t\t\t\t\t<img fetchpriority=\"high\" decoding=\"async\" width=\"600\" height=\"560\" src=\"https:\/\/wisdomlead.ca\/wp-content\/uploads\/2025\/03\/our-story.png\" class=\"attachment-large size-large wp-image-134\" alt=\"Our Story\" srcset=\"https:\/\/wisdomlead.ca\/wp-content\/uploads\/2025\/03\/our-story.png 600w, https:\/\/wisdomlead.ca\/wp-content\/uploads\/2025\/03\/our-story-300x280.png 300w\" sizes=\"(max-width: 600px) 100vw, 600px\" \/>\t\t\t\t\t\t\t\t\t\t\t\t\t\t\t<\/div>\n\t\t\t\t<\/div>\n\t\t\t\t<\/div>\n\t\t<div class=\"elementor-element elementor-element-011ef05 e-con-full e-flex e-con e-child\" data-id=\"011ef05\" data-element_type=\"container\" data-e-type=\"container\">\n\t\t\t\t<div class=\"elementor-element elementor-element-116dde8 elementor-widget elementor-widget-text-editor\" data-id=\"116dde8\" data-element_type=\"widget\" data-e-type=\"widget\" data-widget_type=\"text-editor.default\">\n\t\t\t\t<div class=\"elementor-widget-container\">\n\t\t\t\t\t\t\t\t\t<p>En savoir plus sur nous\u2026<\/p>\t\t\t\t\t\t\t\t<\/div>\n\t\t\t\t<\/div>\n\t\t\t\t<div class=\"elementor-element elementor-element-b877f6a elementor-widget elementor-widget-heading\" data-id=\"b877f6a\" data-element_type=\"widget\" data-e-type=\"widget\" data-widget_type=\"heading.default\">\n\t\t\t\t<div class=\"elementor-widget-container\">\n\t\t\t\t\t<h2 class=\"elementor-heading-title elementor-size-default\">Notre histoire<\/h2>\t\t\t\t<\/div>\n\t\t\t\t<\/div>\n\t\t\t\t<div class=\"elementor-element elementor-element-e7faef4 elementor-widget elementor-widget-text-editor\" data-id=\"e7faef4\" data-element_type=\"widget\" data-e-type=\"widget\" data-widget_type=\"text-editor.default\">\n\t\t\t\t<div class=\"elementor-widget-container\">\n\t\t\t\t\t\t\t\t\t<p><strong><a href=\"\/fr\/\">Wisdom Lead<\/a> <\/strong>Inc. is a leading supplier of equipment and instrumentation related to laboratory, scientific and research work in the field of oil, gas, agriculture, pharmacology, environment, academic research and petrochemical.<br \/>Notre entreprise tr\u00e8s respect\u00e9e est toujours pr\u00eate \u00e0 \u00e9quiper vos instruments demand\u00e9s partout dans le monde dans les plus brefs d\u00e9lais.<\/p>\t\t\t\t\t\t\t\t<\/div>\n\t\t\t\t<\/div>\n\t\t\t\t<\/div>\n\t\t\t\t\t<\/div>\n\t\t\t\t<\/div>\n\t\t<div class=\"elementor-element elementor-element-ed3da3d e-flex e-con-boxed e-con e-parent\" data-id=\"ed3da3d\" data-element_type=\"container\" data-e-type=\"container\" data-settings=\"{&quot;background_background&quot;:&quot;classic&quot;}\">\n\t\t\t\t\t<div class=\"e-con-inner\">\n\t\t\t\t<div class=\"elementor-element elementor-element-a51a49a elementor-widget elementor-widget-heading\" data-id=\"a51a49a\" data-element_type=\"widget\" data-e-type=\"widget\" data-widget_type=\"heading.default\">\n\t\t\t\t<div class=\"elementor-widget-container\">\n\t\t\t\t\t<h2 class=\"elementor-heading-title elementor-size-default\">Nos marques<\/h2>\t\t\t\t<\/div>\n\t\t\t\t<\/div>\n\t\t\t\t<div class=\"elementor-element elementor-element-41fc2af elementor-widget elementor-widget-image-carousel\" data-id=\"41fc2af\" data-element_type=\"widget\" data-e-type=\"widget\" data-settings=\"{&quot;slides_to_show&quot;:&quot;3&quot;,&quot;navigation&quot;:&quot;none&quot;,&quot;autoplay_speed&quot;:0,&quot;speed&quot;:3000,&quot;image_spacing_custom&quot;:{&quot;unit&quot;:&quot;px&quot;,&quot;size&quot;:100,&quot;sizes&quot;:[]},&quot;autoplay&quot;:&quot;yes&quot;,&quot;infinite&quot;:&quot;yes&quot;,&quot;image_spacing_custom_tablet&quot;:{&quot;unit&quot;:&quot;px&quot;,&quot;size&quot;:&quot;&quot;,&quot;sizes&quot;:[]},&quot;image_spacing_custom_mobile&quot;:{&quot;unit&quot;:&quot;px&quot;,&quot;size&quot;:&quot;&quot;,&quot;sizes&quot;:[]}}\" data-widget_type=\"image-carousel.default\">\n\t\t\t\t<div class=\"elementor-widget-container\">\n\t\t\t\t\t\t\t<div class=\"elementor-image-carousel-wrapper swiper\" role=\"region\" aria-roledescription=\"carousel\" aria-label=\"Image Carousel\" dir=\"ltr\">\n\t\t\t<div class=\"elementor-image-carousel swiper-wrapper\" aria-live=\"off\">\n\t\t\t\t\t\t\t\t<div class=\"swiper-slide\" role=\"group\" aria-roledescription=\"slide\" aria-label=\"1 of 3\"><figure class=\"swiper-slide-inner\"><img decoding=\"async\" class=\"swiper-slide-image\" src=\"https:\/\/wisdomlead.ca\/wp-content\/uploads\/2025\/03\/SETonic.png\" alt=\"SETonic\" \/><\/figure><\/div><div class=\"swiper-slide\" role=\"group\" aria-roledescription=\"slide\" aria-label=\"2 of 3\"><figure class=\"swiper-slide-inner\"><img decoding=\"async\" class=\"swiper-slide-image\" src=\"https:\/\/wisdomlead.ca\/wp-content\/uploads\/2025\/03\/istek-2.png\" alt=\"Istek (South Korea)\" \/><\/figure><\/div><div class=\"swiper-slide\" role=\"group\" aria-roledescription=\"slide\" aria-label=\"3 of 3\"><figure class=\"swiper-slide-inner\"><img decoding=\"async\" class=\"swiper-slide-image\" src=\"https:\/\/wisdomlead.ca\/wp-content\/uploads\/2025\/03\/Daihan-scientific-logo.png\" alt=\"DAIHAN Scientific\" \/><\/figure><\/div>\t\t\t<\/div>\n\t\t\t\t\t\t\t\n\t\t\t\t\t\t\t\t\t<\/div>\n\t\t\t\t\t\t<\/div>\n\t\t\t\t<\/div>\n\t\t\t\t\t<\/div>\n\t\t\t\t<\/div>\n\t\t<div class=\"elementor-element elementor-element-32a1dc0 e-flex e-con-boxed e-con e-parent\" data-id=\"32a1dc0\" data-element_type=\"container\" data-e-type=\"container\">\n\t\t\t\t\t<div class=\"e-con-inner\">\n\t\t<div class=\"elementor-element elementor-element-35918af e-con-full e-flex e-con e-child\" data-id=\"35918af\" data-element_type=\"container\" data-e-type=\"container\">\n\t\t\t\t<div class=\"elementor-element elementor-element-0c0f4c2 elementor-widget elementor-widget-image\" data-id=\"0c0f4c2\" data-element_type=\"widget\" data-e-type=\"widget\" data-widget_type=\"image.default\">\n\t\t\t\t<div class=\"elementor-widget-container\">\n\t\t\t\t\t\t\t\t\t\t\t\t\t\t\t<img decoding=\"async\" width=\"571\" height=\"396\" src=\"https:\/\/wisdomlead.ca\/wp-content\/uploads\/2025\/03\/our-mission.jpg\" class=\"attachment-large size-large wp-image-143\" alt=\"Our Missions\" srcset=\"https:\/\/wisdomlead.ca\/wp-content\/uploads\/2025\/03\/our-mission.jpg 571w, https:\/\/wisdomlead.ca\/wp-content\/uploads\/2025\/03\/our-mission-300x208.jpg 300w\" sizes=\"(max-width: 571px) 100vw, 571px\" \/>\t\t\t\t\t\t\t\t\t\t\t\t\t\t\t<\/div>\n\t\t\t\t<\/div>\n\t\t\t\t<\/div>\n\t\t<div class=\"elementor-element elementor-element-c926646 e-con-full e-flex e-con e-child\" data-id=\"c926646\" data-element_type=\"container\" data-e-type=\"container\">\n\t\t\t\t<div class=\"elementor-element elementor-element-5f6d140 elementor-widget elementor-widget-heading\" data-id=\"5f6d140\" data-element_type=\"widget\" data-e-type=\"widget\" data-widget_type=\"heading.default\">\n\t\t\t\t<div class=\"elementor-widget-container\">\n\t\t\t\t\t<h2 class=\"elementor-heading-title elementor-size-default\">Nos missions<\/h2>\t\t\t\t<\/div>\n\t\t\t\t<\/div>\n\t\t\t\t<div class=\"elementor-element elementor-element-ea73644 elementor-widget elementor-widget-text-editor\" data-id=\"ea73644\" data-element_type=\"widget\" data-e-type=\"widget\" data-widget_type=\"text-editor.default\">\n\t\t\t\t<div class=\"elementor-widget-container\">\n\t\t\t\t\t\t\t\t\t<p>\u00c0 <strong data-start=\"42\" data-end=\"62\">Wisdom Lead Inc.<\/strong>, notre mission est de favoriser le progr\u00e8s scientifique en fournissant des \u00e9quipements de premier ordre, un service exceptionnel et un soutien expert. Nous nous engageons \u00e0 :<\/p>\t\t\t\t\t\t\t\t<\/div>\n\t\t\t\t<\/div>\n\t\t\t\t<div class=\"elementor-element elementor-element-d18b6ea elementor-position-inline-start elementor-view-default elementor-mobile-position-block-start elementor-widget elementor-widget-icon-box\" data-id=\"d18b6ea\" data-element_type=\"widget\" data-e-type=\"widget\" data-widget_type=\"icon-box.default\">\n\t\t\t\t<div class=\"elementor-widget-container\">\n\t\t\t\t\t\t\t<div class=\"elementor-icon-box-wrapper\">\n\n\t\t\t\t\t\t<div class=\"elementor-icon-box-icon\">\n\t\t\t\t<span  class=\"elementor-icon\">\n\t\t\t\t<svg xmlns=\"http:\/\/www.w3.org\/2000\/svg\" xmlns:xlink=\"http:\/\/www.w3.org\/1999\/xlink\" width=\"30\" height=\"30\" viewbox=\"0 0 30 30\" fill=\"none\"><rect width=\"30\" height=\"30\" fill=\"url(#pattern0_47_1314)\"><\/rect><defs><pattern id=\"pattern0_47_1314\" patterncontentunits=\"objectBoundingBox\" width=\"1\" height=\"1\"><use xlink:href=\"#image0_47_1314\" transform=\"scale(0.0333333)\"><\/use><\/pattern><image id=\"image0_47_1314\" width=\"30\" height=\"30\" preserveaspectratio=\"none\" xlink:href=\"data:image\/png;base64,iVBORw0KGgoAAAANSUhEUgAAAB4AAAAeCAYAAAA7MK6iAAAACXBIWXMAAAsTAAALEwEAmpwYAAAAAXNSR0IArs4c6QAAAARnQU1BAACxjwv8YQUAAALqSURBVHgB7ZbNddpAEMdnVsTJyyWUIB\/yns2BjwZsVEFIBbYriF2BoYIkFUAqiKlAOC4AHiTAzUoHnMJ7ed6dzEgChNAHRLnFc0BCGu1vZ3bmvwvwvxke4mwP3fKrEtQtA3UCKEcGWWgDo3nDGew71l7gk4nbRLJuFdAWMME8BLz7UT27yRszE3wydG20rC4CNeU\/AQ2Q6J44Ov7QMxwpP7ZRJqOgBaDOxW9WOz+GHCulvTgduy0FqsuwsgBJUycllV54vZMfWQ7YwzANiqC+8u3CgLmZV50eFLAwcx8RdH8ajlVKcgoi5TRq43CUIyhg\/niWcnmhbF6a\/ur5DlicpIA40quiUEm7KnHmCGwg05nXNplTUcfK2L0Uf55dr2h6xV5zYTK0TmQ+T2tOO\/puC4xoXcjVcCFBQat8\/9blAFoE5sus5lzH36+LK1yLR6ngWbXpQAGrTB5uObVtIhhxazWSfNYRowV1\/4aoDwUsCl0akxrABkwBWMQhyVHUS7IC+0E9Mua913AWuWAIpRBfHj3GnepSnaRcqfg0+Onk4UMEKm3oQYatwVkaPJKZczvwrZ0E9wWHzKcsqHRM9LtNqlfS9\/Q7sRj8dkiAV4ZuXQSHbxfI6U2CvmUfRnVRwfUOmMleGLoNKbYDl10rFBxRuWmK4JQUNEPGYAd8pAOR5\/J+Bxm2BaeNyk0zVE4p5evDUieAZR0RcSBbYF71RuDcfdmbCI\/VJL9jqBetcow7BYKOvWn17Ar+gVXG99IlttHmOLr+W5Ip+61EzbO7lEqFgub3NUNFq+NFp+LO+klLpAvej7tBNf6dRft6aaAdf78DlpmRNgIvv+C0hzvWwdBoXycpWOqZ63TIomD5\/VmWNTdad\/LUaHUolALNU7D8w55SLmLQ2wQ4UKT7OtBzzx+ANxfFvW+4DaOHwqWmTK3e73jL6bYQL4iwmeWXcyg8HLyegGSA9wyWPv98zR3whhv5p6jeLxagrAif7Q\/DE60iTRfCrQAAAABJRU5ErkJggg==\"><\/image><\/defs><\/svg>\t\t\t\t<\/span>\n\t\t\t<\/div>\n\t\t\t\n\t\t\t\t\t\t<div class=\"elementor-icon-box-content\">\n\n\t\t\t\t\t\t\t\t\t<div class=\"elementor-icon-box-title\">\n\t\t\t\t\t\t<span  >\n\t\t\t\t\t\t\tFournir des solutions \u00e0 la fine pointe de la technologie\t\t\t\t\t\t<\/span>\n\t\t\t\t\t<\/div>\n\t\t\t\t\n\t\t\t\t\t\t\t\t\t<p class=\"elementor-icon-box-description\">\n\t\t\t\t\t\tFourniture des instruments de laboratoire, scientifiques et de recherche les plus r\u00e9cents et les plus fiables pour les industries du p\u00e9trole, du gaz, de l'agriculture, de la pharmacologie, de l'environnement, de la recherche universitaire et de la p\u00e9trochimie.\t\t\t\t\t<\/p>\n\t\t\t\t\n\t\t\t<\/div>\n\t\t\t\n\t\t<\/div>\n\t\t\t\t\t\t<\/div>\n\t\t\t\t<\/div>\n\t\t\t\t<div class=\"elementor-element elementor-element-944e1e2 elementor-position-inline-start elementor-view-default elementor-mobile-position-block-start elementor-widget elementor-widget-icon-box\" data-id=\"944e1e2\" data-element_type=\"widget\" data-e-type=\"widget\" data-widget_type=\"icon-box.default\">\n\t\t\t\t<div class=\"elementor-widget-container\">\n\t\t\t\t\t\t\t<div class=\"elementor-icon-box-wrapper\">\n\n\t\t\t\t\t\t<div class=\"elementor-icon-box-icon\">\n\t\t\t\t<span  class=\"elementor-icon\">\n\t\t\t\t<svg xmlns=\"http:\/\/www.w3.org\/2000\/svg\" xmlns:xlink=\"http:\/\/www.w3.org\/1999\/xlink\" width=\"30\" height=\"30\" viewbox=\"0 0 30 30\" fill=\"none\"><rect width=\"30\" height=\"30\" fill=\"url(#pattern0_47_1314)\"><\/rect><defs><pattern id=\"pattern0_47_1314\" patterncontentunits=\"objectBoundingBox\" width=\"1\" height=\"1\"><use xlink:href=\"#image0_47_1314\" transform=\"scale(0.0333333)\"><\/use><\/pattern><image id=\"image0_47_1314\" width=\"30\" height=\"30\" preserveaspectratio=\"none\" xlink:href=\"data:image\/png;base64,iVBORw0KGgoAAAANSUhEUgAAAB4AAAAeCAYAAAA7MK6iAAAACXBIWXMAAAsTAAALEwEAmpwYAAAAAXNSR0IArs4c6QAAAARnQU1BAACxjwv8YQUAAALqSURBVHgB7ZbNddpAEMdnVsTJyyWUIB\/yns2BjwZsVEFIBbYriF2BoYIkFUAqiKlAOC4AHiTAzUoHnMJ7ed6dzEgChNAHRLnFc0BCGu1vZ3bmvwvwvxke4mwP3fKrEtQtA3UCKEcGWWgDo3nDGew71l7gk4nbRLJuFdAWMME8BLz7UT27yRszE3wydG20rC4CNeU\/AQ2Q6J44Ov7QMxwpP7ZRJqOgBaDOxW9WOz+GHCulvTgduy0FqsuwsgBJUycllV54vZMfWQ7YwzANiqC+8u3CgLmZV50eFLAwcx8RdH8ajlVKcgoi5TRq43CUIyhg\/niWcnmhbF6a\/ur5DlicpIA40quiUEm7KnHmCGwg05nXNplTUcfK2L0Uf55dr2h6xV5zYTK0TmQ+T2tOO\/puC4xoXcjVcCFBQat8\/9blAFoE5sus5lzH36+LK1yLR6ngWbXpQAGrTB5uObVtIhhxazWSfNYRowV1\/4aoDwUsCl0akxrABkwBWMQhyVHUS7IC+0E9Mua913AWuWAIpRBfHj3GnepSnaRcqfg0+Onk4UMEKm3oQYatwVkaPJKZczvwrZ0E9wWHzKcsqHRM9LtNqlfS9\/Q7sRj8dkiAV4ZuXQSHbxfI6U2CvmUfRnVRwfUOmMleGLoNKbYDl10rFBxRuWmK4JQUNEPGYAd8pAOR5\/J+Bxm2BaeNyk0zVE4p5evDUieAZR0RcSBbYF71RuDcfdmbCI\/VJL9jqBetcow7BYKOvWn17Ar+gVXG99IlttHmOLr+W5Ip+61EzbO7lEqFgub3NUNFq+NFp+LO+klLpAvej7tBNf6dRft6aaAdf78DlpmRNgIvv+C0hzvWwdBoXycpWOqZ63TIomD5\/VmWNTdad\/LUaHUolALNU7D8w55SLmLQ2wQ4UKT7OtBzzx+ANxfFvW+4DaOHwqWmTK3e73jL6bYQL4iwmeWXcyg8HLyegGSA9wyWPv98zR3whhv5p6jeLxagrAif7Q\/DE60iTRfCrQAAAABJRU5ErkJggg==\"><\/image><\/defs><\/svg>\t\t\t\t<\/span>\n\t\t\t<\/div>\n\t\t\t\n\t\t\t\t\t\t<div class=\"elementor-icon-box-content\">\n\n\t\t\t\t\t\t\t\t\t<div class=\"elementor-icon-box-title\">\n\t\t\t\t\t\t<span  >\n\t\t\t\t\t\t\tAssurer l'accessibilit\u00e9 mondiale\t\t\t\t\t\t<\/span>\n\t\t\t\t\t<\/div>\n\t\t\t\t\n\t\t\t\t\t\t\t\t\t<p class=\"elementor-icon-box-description\">\n\t\t\t\t\t\t Assurer une livraison rapide et efficace partout dans le monde pour s'assurer que les chercheurs et les industries ont acc\u00e8s aux outils essentiels au besoin.\t\t\t\t\t<\/p>\n\t\t\t\t\n\t\t\t<\/div>\n\t\t\t\n\t\t<\/div>\n\t\t\t\t\t\t<\/div>\n\t\t\t\t<\/div>\n\t\t\t\t<div class=\"elementor-element elementor-element-107c1f9 elementor-position-inline-start elementor-view-default elementor-mobile-position-block-start elementor-widget elementor-widget-icon-box\" data-id=\"107c1f9\" data-element_type=\"widget\" data-e-type=\"widget\" data-widget_type=\"icon-box.default\">\n\t\t\t\t<div class=\"elementor-widget-container\">\n\t\t\t\t\t\t\t<div class=\"elementor-icon-box-wrapper\">\n\n\t\t\t\t\t\t<div class=\"elementor-icon-box-icon\">\n\t\t\t\t<span  class=\"elementor-icon\">\n\t\t\t\t<svg xmlns=\"http:\/\/www.w3.org\/2000\/svg\" xmlns:xlink=\"http:\/\/www.w3.org\/1999\/xlink\" width=\"30\" height=\"30\" viewbox=\"0 0 30 30\" fill=\"none\"><rect width=\"30\" height=\"30\" fill=\"url(#pattern0_47_1314)\"><\/rect><defs><pattern id=\"pattern0_47_1314\" patterncontentunits=\"objectBoundingBox\" width=\"1\" height=\"1\"><use xlink:href=\"#image0_47_1314\" transform=\"scale(0.0333333)\"><\/use><\/pattern><image id=\"image0_47_1314\" width=\"30\" height=\"30\" preserveaspectratio=\"none\" xlink:href=\"data:image\/png;base64,iVBORw0KGgoAAAANSUhEUgAAAB4AAAAeCAYAAAA7MK6iAAAACXBIWXMAAAsTAAALEwEAmpwYAAAAAXNSR0IArs4c6QAAAARnQU1BAACxjwv8YQUAAALqSURBVHgB7ZbNddpAEMdnVsTJyyWUIB\/yns2BjwZsVEFIBbYriF2BoYIkFUAqiKlAOC4AHiTAzUoHnMJ7ed6dzEgChNAHRLnFc0BCGu1vZ3bmvwvwvxke4mwP3fKrEtQtA3UCKEcGWWgDo3nDGew71l7gk4nbRLJuFdAWMME8BLz7UT27yRszE3wydG20rC4CNeU\/AQ2Q6J44Ov7QMxwpP7ZRJqOgBaDOxW9WOz+GHCulvTgduy0FqsuwsgBJUycllV54vZMfWQ7YwzANiqC+8u3CgLmZV50eFLAwcx8RdH8ajlVKcgoi5TRq43CUIyhg\/niWcnmhbF6a\/ur5DlicpIA40quiUEm7KnHmCGwg05nXNplTUcfK2L0Uf55dr2h6xV5zYTK0TmQ+T2tOO\/puC4xoXcjVcCFBQat8\/9blAFoE5sus5lzH36+LK1yLR6ngWbXpQAGrTB5uObVtIhhxazWSfNYRowV1\/4aoDwUsCl0akxrABkwBWMQhyVHUS7IC+0E9Mua913AWuWAIpRBfHj3GnepSnaRcqfg0+Onk4UMEKm3oQYatwVkaPJKZczvwrZ0E9wWHzKcsqHRM9LtNqlfS9\/Q7sRj8dkiAV4ZuXQSHbxfI6U2CvmUfRnVRwfUOmMleGLoNKbYDl10rFBxRuWmK4JQUNEPGYAd8pAOR5\/J+Bxm2BaeNyk0zVE4p5evDUieAZR0RcSBbYF71RuDcfdmbCI\/VJL9jqBetcow7BYKOvWn17Ar+gVXG99IlttHmOLr+W5Ip+61EzbO7lEqFgub3NUNFq+NFp+LO+klLpAvej7tBNf6dRft6aaAdf78DlpmRNgIvv+C0hzvWwdBoXycpWOqZ63TIomD5\/VmWNTdad\/LUaHUolALNU7D8w55SLmLQ2wQ4UKT7OtBzzx+ANxfFvW+4DaOHwqWmTK3e73jL6bYQL4iwmeWXcyg8HLyegGSA9wyWPv98zR3whhv5p6jeLxagrAif7Q\/DE60iTRfCrQAAAABJRU5ErkJggg==\"><\/image><\/defs><\/svg>\t\t\t\t<\/span>\n\t\t\t<\/div>\n\t\t\t\n\t\t\t\t\t\t<div class=\"elementor-icon-box-content\">\n\n\t\t\t\t\t\t\t\t\t<div class=\"elementor-icon-box-title\">\n\t\t\t\t\t\t<span  >\n\t\t\t\t\t\t\tAm\u00e9liorer le succ\u00e8s de la client\u00e8le\t\t\t\t\t\t<\/span>\n\t\t\t\t\t<\/div>\n\t\t\t\t\n\t\t\t\t\t\t\t\t\t<p class=\"elementor-icon-box-description\">\n\t\t\t\t\t\tOffrir un soutien technique et des conseils d'experts pour aider les clients \u00e0 choisir les bonnes solutions et \u00e0 optimiser leurs op\u00e9rations.\t\t\t\t\t<\/p>\n\t\t\t\t\n\t\t\t<\/div>\n\t\t\t\n\t\t<\/div>\n\t\t\t\t\t\t<\/div>\n\t\t\t\t<\/div>\n\t\t\t\t<\/div>\n\t\t\t\t\t<\/div>\n\t\t\t\t<\/div>\n\t\t<div class=\"elementor-element elementor-element-7bb7ae8 e-flex e-con-boxed e-con e-parent\" data-id=\"7bb7ae8\" data-element_type=\"container\" data-e-type=\"container\">\n\t\t\t\t\t<div class=\"e-con-inner\">\n\t\t<div class=\"elementor-element elementor-element-ff59821 e-con-full e-flex e-con e-child\" data-id=\"ff59821\" data-element_type=\"container\" data-e-type=\"container\">\n\t\t\t\t<div class=\"elementor-element elementor-element-76bd5ca elementor-widget elementor-widget-heading\" data-id=\"76bd5ca\" data-element_type=\"widget\" data-e-type=\"widget\" data-widget_type=\"heading.default\">\n\t\t\t\t<div class=\"elementor-widget-container\">\n\t\t\t\t\t<h2 class=\"elementor-heading-title elementor-size-default\">Notre point de vue chez Wisdom Lead<\/h2>\t\t\t\t<\/div>\n\t\t\t\t<\/div>\n\t\t\t\t<div class=\"elementor-element elementor-element-bb0ce4a elementor-widget elementor-widget-text-editor\" data-id=\"bb0ce4a\" data-element_type=\"widget\" data-e-type=\"widget\" data-widget_type=\"text-editor.default\">\n\t\t\t\t<div class=\"elementor-widget-container\">\n\t\t\t\t\t\t\t\t\t<p>Chez Wisdom Lead Inc., nous envisageons un avenir o\u00f9 l\u2019innovation scientifique prosp\u00e8re gr\u00e2ce \u00e0 l\u2019acc\u00e8s \u00e0 de l\u2019\u00e9quipement de pointe et au soutien d\u2019experts. Notre perspective est ancr\u00e9e dans l\u2019avancement de la recherche, l\u2019am\u00e9lioration de l\u2019efficacit\u00e9 et la promotion de la collaboration mondiale dans les secteurs du p\u00e9trole, du gaz, de l\u2019agriculture, de la pharmacologie, de l\u2019environnement, de la recherche universitaire et de la p\u00e9trochimie.<\/p><p>En \u00e9voluant continuellement avec les besoins de l'industrie, en investissant dans la technologie et en donnant la priorit\u00e9 au succ\u00e8s de nos clients, nous visons \u00e0 \u00eatre le partenaire incontournable de l'excellence scientifique dans le monde entier.<\/p>\t\t\t\t\t\t\t\t<\/div>\n\t\t\t\t<\/div>\n\t\t\t\t<\/div>\n\t\t<div class=\"elementor-element elementor-element-ba3b56a e-con-full e-flex e-con e-child\" data-id=\"ba3b56a\" data-element_type=\"container\" data-e-type=\"container\">\n\t\t\t\t<div class=\"elementor-element elementor-element-13ce312 elementor-widget elementor-widget-image\" data-id=\"13ce312\" data-element_type=\"widget\" data-e-type=\"widget\" data-widget_type=\"image.default\">\n\t\t\t\t<div class=\"elementor-widget-container\">\n\t\t\t\t\t\t\t\t\t\t\t\t\t\t\t<img decoding=\"async\" width=\"573\" height=\"382\" src=\"https:\/\/wisdomlead.ca\/wp-content\/uploads\/2025\/03\/our-perspective.jpg\" class=\"attachment-large size-large wp-image-145\" alt=\"Our Perspective at Wisdom Lead\" srcset=\"https:\/\/wisdomlead.ca\/wp-content\/uploads\/2025\/03\/our-perspective.jpg 573w, https:\/\/wisdomlead.ca\/wp-content\/uploads\/2025\/03\/our-perspective-300x200.jpg 300w\" sizes=\"(max-width: 573px) 100vw, 573px\" \/>\t\t\t\t\t\t\t\t\t\t\t\t\t\t\t<\/div>\n\t\t\t\t<\/div>\n\t\t\t\t<\/div>\n\t\t\t\t\t<\/div>\n\t\t\t\t<\/div>\n\t\t\t\t<\/div>","protected":false},"excerpt":{"rendered":"<p>About Us Know About Us&#8230; Our Story Wisdom Lead Inc. is a leading supplier of equipment and instrumentation related to laboratory, scientific and research work in the field of oil, gas, agriculture, pharmacology, environment, academic research and petrochemical.Our wide respected company is always ready to equip your requested instruments in all around of world in [&hellip;]<\/p>\n","protected":false},"author":2,"featured_media":0,"parent":0,"menu_order":0,"comment_status":"closed","ping_status":"closed","template":"","meta":{"footnotes":""},"class_list":["post-131","page","type-page","status-publish","hentry"],"_links":{"self":[{"href":"https:\/\/wisdomlead.ca\/fr\/wp-json\/wp\/v2\/pages\/131","targetHints":{"allow":["GET"]}}],"collection":[{"href":"https:\/\/wisdomlead.ca\/fr\/wp-json\/wp\/v2\/pages"}],"about":[{"href":"https:\/\/wisdomlead.ca\/fr\/wp-json\/wp\/v2\/types\/page"}],"author":[{"embeddable":true,"href":"https:\/\/wisdomlead.ca\/fr\/wp-json\/wp\/v2\/users\/2"}],"replies":[{"embeddable":true,"href":"https:\/\/wisdomlead.ca\/fr\/wp-json\/wp\/v2\/comments?post=131"}],"version-history":[{"count":22,"href":"https:\/\/wisdomlead.ca\/fr\/wp-json\/wp\/v2\/pages\/131\/revisions"}],"predecessor-version":[{"id":1049,"href":"https:\/\/wisdomlead.ca\/fr\/wp-json\/wp\/v2\/pages\/131\/revisions\/1049"}],"wp:attachment":[{"href":"https:\/\/wisdomlead.ca\/fr\/wp-json\/wp\/v2\/media?parent=131"}],"curies":[{"name":"wp","href":"https:\/\/api.w.org\/{rel}","templated":true}]}}